{"id":2488,"date":"2026-04-13T09:22:28","date_gmt":"2026-04-13T08:22:28","guid":{"rendered":"https:\/\/www.tksladkivrh.si\/?page_id=2488"},"modified":"2026-04-29T10:04:09","modified_gmt":"2026-04-29T09:04:09","slug":"medobcinska-liga","status":"publish","type":"page","link":"https:\/\/www.tksladkivrh.si\/?page_id=2488","title":{"rendered":"Medob\u010dinska Liga 2026"},"content":{"rendered":"\t\t<div data-elementor-type=\"wp-page\" data-elementor-id=\"2488\" class=\"elementor elementor-2488\">\n\t\t\t\t\t\t<section class=\"elementor-section elementor-top-section elementor-element elementor-element-c23521e elementor-section-full_width elementor-section-stretched elementor-section-height-default elementor-section-height-default\" data-id=\"c23521e\" data-element_type=\"section\" data-e-type=\"section\" data-settings=\"{&quot;stretch_section&quot;:&quot;section-stretched&quot;}\">\n\t\t\t\t\t\t<div class=\"elementor-container elementor-column-gap-default\">\n\t\t\t\t\t<div class=\"elementor-column elementor-col-100 elementor-top-column elementor-element elementor-element-6f79d62\" data-id=\"6f79d62\" data-element_type=\"column\" data-e-type=\"column\">\n\t\t\t<div class=\"elementor-widget-wrap elementor-element-populated\">\n\t\t\t\t\t\t<div class=\"elementor-element elementor-element-6c520f1 elementor-tabs-view-horizontal elementor-widget elementor-widget-tabs\" data-id=\"6c520f1\" data-element_type=\"widget\" data-e-type=\"widget\" data-widget_type=\"tabs.default\">\n\t\t\t\t<div class=\"elementor-widget-container\">\n\t\t\t\t\t\t\t<div class=\"elementor-tabs\">\n\t\t\t<div class=\"elementor-tabs-wrapper\" role=\"tablist\" >\n\t\t\t\t\t\t\t\t\t<div id=\"elementor-tab-title-1131\" class=\"elementor-tab-title elementor-tab-desktop-title\" aria-selected=\"true\" data-tab=\"1\" role=\"tab\" tabindex=\"0\" aria-controls=\"elementor-tab-content-1131\" aria-expanded=\"false\">Skupina A<\/div>\n\t\t\t\t\t\t\t\t\t<div id=\"elementor-tab-title-1132\" class=\"elementor-tab-title elementor-tab-desktop-title\" aria-selected=\"false\" data-tab=\"2\" role=\"tab\" tabindex=\"-1\" aria-controls=\"elementor-tab-content-1132\" aria-expanded=\"false\">Skupina B<\/div>\n\t\t\t\t\t\t\t\t\t<div id=\"elementor-tab-title-1133\" class=\"elementor-tab-title elementor-tab-desktop-title\" aria-selected=\"false\" data-tab=\"3\" role=\"tab\" tabindex=\"-1\" aria-controls=\"elementor-tab-content-1133\" aria-expanded=\"false\">Kvalifikacije<\/div>\n\t\t\t\t\t\t\t\t\t<div id=\"elementor-tab-title-1134\" class=\"elementor-tab-title elementor-tab-desktop-title\" aria-selected=\"false\" data-tab=\"4\" role=\"tab\" tabindex=\"-1\" aria-controls=\"elementor-tab-content-1134\" aria-expanded=\"false\">Informacije<\/div>\n\t\t\t\t\t\t\t<\/div>\n\t\t\t<div class=\"elementor-tabs-content-wrapper\" role=\"tablist\" aria-orientation=\"vertical\">\n\t\t\t\t\t\t\t\t\t<div class=\"elementor-tab-title elementor-tab-mobile-title\" aria-selected=\"true\" data-tab=\"1\" role=\"tab\" tabindex=\"0\" aria-controls=\"elementor-tab-content-1131\" aria-expanded=\"false\">Skupina A<\/div>\n\t\t\t\t\t<div id=\"elementor-tab-content-1131\" class=\"elementor-tab-content elementor-clearfix\" data-tab=\"1\" role=\"tabpanel\" aria-labelledby=\"elementor-tab-title-1131\" tabindex=\"0\" hidden=\"false\"><iframe style=\"border: 0; overflow: hidden;\" src=\"https:\/\/docs.google.com\/spreadsheets\/d\/e\/2PACX-1vTEkVdDN_qgVPx5T1R1fYk9VLtUAdSWfmKTHNQlRKqu7vjZAsiiW5iKi6zP84HfsQ\/pubhtml?gid=590998457&amp;single=true&amp;range=A1:Z48&amp;widget=true&amp;headers=false\" width=\"100%\" height=\"900\"><span data-mce-type=\"bookmark\" style=\"display: inline-block; width: 0px; overflow: hidden; line-height: 0;\" class=\"mce_SELRES_start\">\ufeff<\/span><span data-mce-type=\"bookmark\" style=\"display: inline-block; width: 0px; overflow: hidden; line-height: 0;\" class=\"mce_SELRES_start\">\ufeff<\/span><span data-mce-type=\"bookmark\" style=\"display: inline-block; width: 0px; overflow: hidden; line-height: 0;\" class=\"mce_SELRES_start\">\ufeff<\/span><span data-mce-type=\"bookmark\" style=\"display: inline-block; width: 0px; overflow: hidden; line-height: 0;\" class=\"mce_SELRES_start\">\ufeff<\/span><span data-mce-type=\"bookmark\" style=\"display: inline-block; width: 0px; overflow: hidden; line-height: 0;\" class=\"mce_SELRES_start\">\ufeff<\/span><span data-mce-type=\"bookmark\" style=\"display: inline-block; width: 0px; overflow: hidden; line-height: 0;\" class=\"mce_SELRES_start\">\ufeff<\/span><span data-mce-type=\"bookmark\" style=\"display: inline-block; width: 0px; overflow: hidden; line-height: 0;\" class=\"mce_SELRES_start\">\ufeff<\/span>\n<\/iframe><\/div>\n\t\t\t\t\t\t\t\t\t<div class=\"elementor-tab-title elementor-tab-mobile-title\" aria-selected=\"false\" data-tab=\"2\" role=\"tab\" tabindex=\"-1\" aria-controls=\"elementor-tab-content-1132\" aria-expanded=\"false\">Skupina B<\/div>\n\t\t\t\t\t<div id=\"elementor-tab-content-1132\" class=\"elementor-tab-content elementor-clearfix\" data-tab=\"2\" role=\"tabpanel\" aria-labelledby=\"elementor-tab-title-1132\" tabindex=\"0\" hidden=\"hidden\"><iframe style=\"border: 0; overflow: hidden;\" src=\"https:\/\/docs.google.com\/spreadsheets\/d\/e\/2PACX-1vTEkVdDN_qgVPx5T1R1fYk9VLtUAdSWfmKTHNQlRKqu7vjZAsiiW5iKi6zP84HfsQ\/pubhtml?gid=1074629062&amp;single=true&amp;range=A1:Y33&amp;widget=true&amp;headers=false\" width=\"100%\" height=\"900\"><span data-mce-type=\"bookmark\" style=\"display: inline-block; width: 0px; overflow: hidden; line-height: 0;\" class=\"mce_SELRES_start\">\ufeff<\/span><span data-mce-type=\"bookmark\" style=\"display: inline-block; width: 0px; overflow: hidden; line-height: 0;\" class=\"mce_SELRES_start\">\ufeff<\/span><span data-mce-type=\"bookmark\" style=\"display: inline-block; width: 0px; overflow: hidden; line-height: 0;\" class=\"mce_SELRES_start\">\ufeff<\/span>\n<\/iframe><\/div>\n\t\t\t\t\t\t\t\t\t<div class=\"elementor-tab-title elementor-tab-mobile-title\" aria-selected=\"false\" data-tab=\"3\" role=\"tab\" tabindex=\"-1\" aria-controls=\"elementor-tab-content-1133\" aria-expanded=\"false\">Kvalifikacije<\/div>\n\t\t\t\t\t<div id=\"elementor-tab-content-1133\" class=\"elementor-tab-content elementor-clearfix\" data-tab=\"3\" role=\"tabpanel\" aria-labelledby=\"elementor-tab-title-1133\" tabindex=\"0\" hidden=\"hidden\"><iframe style=\"border: 0; overflow: hidden;\" src=\"https:\/\/docs.google.com\/spreadsheets\/d\/e\/2PACX-1vTEkVdDN_qgVPx5T1R1fYk9VLtUAdSWfmKTHNQlRKqu7vjZAsiiW5iKi6zP84HfsQ\/pubhtml?gid=668974802&amp;single=true&amp;range=A1:F13&amp;widget=true&amp;headers=false\" width=\"100%\" height=\"900\"><span data-mce-type=\"bookmark\" style=\"display: inline-block; width: 0px; overflow: hidden; line-height: 0;\" class=\"mce_SELRES_start\">\ufeff<\/span><span data-mce-type=\"bookmark\" style=\"display: inline-block; width: 0px; overflow: hidden; line-height: 0;\" class=\"mce_SELRES_start\">\ufeff<\/span>\n<\/iframe><\/div>\n\t\t\t\t\t\t\t\t\t<div class=\"elementor-tab-title elementor-tab-mobile-title\" aria-selected=\"false\" data-tab=\"4\" role=\"tab\" tabindex=\"-1\" aria-controls=\"elementor-tab-content-1134\" aria-expanded=\"false\">Informacije<\/div>\n\t\t\t\t\t<div id=\"elementor-tab-content-1134\" class=\"elementor-tab-content elementor-clearfix\" data-tab=\"4\" role=\"tabpanel\" aria-labelledby=\"elementor-tab-title-1134\" tabindex=\"0\" hidden=\"hidden\"><table dir=\"ltr\" border=\"1\" cellspacing=\"0\" cellpadding=\"0\" data-sheets-root=\"1\" data-sheets-baot=\"1\"><colgroup><col width=\"150\" \/><col width=\"150\" \/><col width=\"150\" \/><col width=\"150\" \/><\/colgroup><tbody><tr><td><strong>SKUPINA A<\/strong><\/td><td>\u00a0<\/td><td><strong>SKUPINA B<\/strong><\/td><td>\u00a0<\/td><\/tr><tr><td>Tim Fris<\/td><td>041382842<\/td><td>Igor Fri\u0161<\/td><td>041626577<\/td><\/tr><tr><td>Tadej Fri\u0161<\/td><td>051316906<\/td><td>Dejan Miki\u0161<\/td><td>031376684<\/td><\/tr><tr><td>Tine Kocbek<\/td><td>041312013<\/td><td>Kristijan Kolar<\/td><td>031330689<\/td><\/tr><tr><td>Timotej Nekrep Jarc<\/td><td>031809490<\/td><td>Tiana \u0160ipek<\/td><td>051362232<\/td><\/tr><tr><td>Bo\u0161tjan Koren<\/td><td>031367375<\/td><td>Ro\u0161kar Jo\u017eef<\/td><td>051674980<\/td><\/tr><tr><td>Jo\u017ee Divjak<\/td><td>041781972<\/td><td>\u0160pela sirk krajnc<\/td><td>051624558<\/td><\/tr><tr><td>Jani Zamuda<\/td><td>031884450<\/td><td>Davorin Marko\u010d<\/td><td>041688786<\/td><\/tr><tr><td>Martin Adler<\/td><td>031884450<\/td><td>Dejan \u017dugman<\/td><td>031770082<\/td><\/tr><tr><td>Jo\u017ee \u010cernic<\/td><td>031809490<\/td><td>\u00a0<\/td><td>\u00a0<\/td><\/tr><tr><td>Nejc Nerat<\/td><td>040616612<\/td><td>\u00a0<\/td><td>\u00a0<\/td><\/tr><\/tbody><\/table><\/div>\n\t\t\t\t\t\t\t<\/div>\n\t\t<\/div>\n\t\t\t\t\t\t<\/div>\n\t\t\t\t<\/div>\n\t\t\t\t\t<\/div>\n\t\t<\/div>\n\t\t\t\t\t<\/div>\n\t\t<\/section>\n\t\t\t\t<\/div>\n\t\t","protected":false},"excerpt":{"rendered":"<p>Skupina A Skupina B Kvalifikacije Informacije Skupina A \ufeff\ufeff\ufeff\ufeff\ufeff\ufeff\ufeff Skupina B \ufeff\ufeff\ufeff Kvalifikacije \ufeff\ufeff Informacije SKUPINA A \u00a0 SKUPINA B \u00a0 Tim Fris 041382842 Igor Fri\u0161 041626577 Tadej Fri\u0161 051316906 Dejan Miki\u0161 031376684 Tine Kocbek 041312013 Kristijan Kolar 031330689 Timotej Nekrep Jarc 031809490 Tiana \u0160ipek 051362232 Bo\u0161tjan Koren 031367375 Ro\u0161kar Jo\u017eef 051674980 Jo\u017ee Divjak 041781972&hellip;<\/p>\n","protected":false},"author":1,"featured_media":0,"parent":2633,"menu_order":0,"comment_status":"closed","ping_status":"closed","template":"","meta":{"footnotes":""},"class_list":["post-2488","page","type-page","status-publish","hentry"],"_links":{"self":[{"href":"https:\/\/www.tksladkivrh.si\/index.php?rest_route=\/wp\/v2\/pages\/2488","targetHints":{"allow":["GET"]}}],"collection":[{"href":"https:\/\/www.tksladkivrh.si\/index.php?rest_route=\/wp\/v2\/pages"}],"about":[{"href":"https:\/\/www.tksladkivrh.si\/index.php?rest_route=\/wp\/v2\/types\/page"}],"author":[{"embeddable":true,"href":"https:\/\/www.tksladkivrh.si\/index.php?rest_route=\/wp\/v2\/users\/1"}],"replies":[{"embeddable":true,"href":"https:\/\/www.tksladkivrh.si\/index.php?rest_route=%2Fwp%2Fv2%2Fcomments&post=2488"}],"version-history":[{"count":73,"href":"https:\/\/www.tksladkivrh.si\/index.php?rest_route=\/wp\/v2\/pages\/2488\/revisions"}],"predecessor-version":[{"id":2780,"href":"https:\/\/www.tksladkivrh.si\/index.php?rest_route=\/wp\/v2\/pages\/2488\/revisions\/2780"}],"up":[{"embeddable":true,"href":"https:\/\/www.tksladkivrh.si\/index.php?rest_route=\/wp\/v2\/pages\/2633"}],"wp:attachment":[{"href":"https:\/\/www.tksladkivrh.si\/index.php?rest_route=%2Fwp%2Fv2%2Fmedia&parent=2488"}],"curies":[{"name":"wp","href":"https:\/\/api.w.org\/{rel}","templated":true}]}}