{"id":2651,"date":"2026-04-14T09:21:50","date_gmt":"2026-04-14T08:21:50","guid":{"rendered":"https:\/\/www.tksladkivrh.si\/?page_id=2651"},"modified":"2026-04-14T09:30:30","modified_gmt":"2026-04-14T08:30:30","slug":"1-clanska-liga","status":"publish","type":"page","link":"https:\/\/www.tksladkivrh.si\/?page_id=2651","title":{"rendered":"1. \u010dlanska liga 2026"},"content":{"rendered":"\t\t<div data-elementor-type=\"wp-post\" data-elementor-id=\"2651\" class=\"elementor elementor-2651\">\n\t\t\t\t\t\t<section class=\"elementor-section elementor-top-section elementor-element elementor-element-5a43f05 elementor-section-boxed elementor-section-height-default elementor-section-height-default\" data-id=\"5a43f05\" data-element_type=\"section\" data-e-type=\"section\" data-settings=\"{&quot;background_background&quot;:&quot;classic&quot;,&quot;shape_divider_bottom&quot;:&quot;clouds&quot;}\">\n\t\t\t\t\t\t\t<div class=\"elementor-background-overlay\"><\/div>\n\t\t\t\t\t\t<div class=\"elementor-shape elementor-shape-bottom\" aria-hidden=\"true\" data-negative=\"false\">\n\t\t\t<svg xmlns=\"http:\/\/www.w3.org\/2000\/svg\" viewBox=\"0 0 283.5 27.8\" preserveAspectRatio=\"xMidYMax slice\">\n  <path class=\"elementor-shape-fill\" d=\"M0 0v6.7c1.9-.8 4.7-1.4 8.5-1 9.5 1.1 11.1 6 11.1 6s2.1-.7 4.3-.2c2.1.5 2.8 2.6 2.8 2.6s.2-.5 1.4-.7c1.2-.2 1.7.2 1.7.2s0-2.1 1.9-2.8c1.9-.7 3.6.7 3.6.7s.7-2.9 3.1-4.1 4.7 0 4.7 0 1.2-.5 2.4 0 1.7 1.4 1.7 1.4h1.4c.7 0 1.2.7 1.2.7s.8-1.8 4-2.2c3.5-.4 5.3 2.4 6.2 4.4.4-.4 1-.7 1.8-.9 2.8-.7 4 .7 4 .7s1.7-5 11.1-6c9.5-1.1 12.3 3.9 12.3 3.9s1.2-4.8 5.7-5.7c4.5-.9 6.8 1.8 6.8 1.8s.6-.6 1.5-.9c.9-.2 1.9-.2 1.9-.2s5.2-6.4 12.6-3.3c7.3 3.1 4.7 9 4.7 9s1.9-.9 4 0 2.8 2.4 2.8 2.4 1.9-1.2 4.5-1.2 4.3 1.2 4.3 1.2.2-1 1.4-1.7 2.1-.7 2.1-.7-.5-3.1 2.1-5.5 5.7-1.4 5.7-1.4 1.5-2.3 4.2-1.1c2.7 1.2 1.7 5.2 1.7 5.2s.3-.1 1.3.5c.5.4.8.8.9 1.1.5-1.4 2.4-5.8 8.4-4 7.1 2.1 3.5 8.9 3.5 8.9s.8-.4 2 0 1.1 1.1 1.1 1.1 1.1-1.1 2.3-1.1 2.1.5 2.1.5 1.9-3.6 6.2-1.2 1.9 6.4 1.9 6.4 2.6-2.4 7.4 0c3.4 1.7 3.9 4.9 3.9 4.9s3.3-6.9 10.4-7.9 11.5 2.6 11.5 2.6.8 0 1.2.2c.4.2.9.9.9.9s4.4-3.1 8.3.2c1.9 1.7 1.5 5 1.5 5s.3-1.1 1.6-1.4c1.3-.3 2.3.2 2.3.2s-.1-1.2.5-1.9 1.9-.9 1.9-.9-4.7-9.3 4.4-13.4c5.6-2.5 9.2.9 9.2.9s5-6.2 15.9-6.2 16.1 8.1 16.1 8.1.7-.2 1.6-.4V0H0z\"\/>\n<\/svg>\n\t\t<\/div>\n\t\t\t\t\t<div class=\"elementor-container elementor-column-gap-default\">\n\t\t\t\t\t<div class=\"elementor-column elementor-col-100 elementor-top-column elementor-element elementor-element-9e84aa0\" data-id=\"9e84aa0\" data-element_type=\"column\" data-e-type=\"column\">\n\t\t\t<div class=\"elementor-widget-wrap elementor-element-populated\">\n\t\t\t\t\t\t<div class=\"elementor-element elementor-element-a41d7cc elementor-widget elementor-widget-heading\" data-id=\"a41d7cc\" data-element_type=\"widget\" data-e-type=\"widget\" data-widget_type=\"heading.default\">\n\t\t\t\t<div class=\"elementor-widget-container\">\n\t\t\t\t\t<h2 class=\"elementor-heading-title elementor-size-default\">1. \u010dlanska liga<\/h2>\t\t\t\t<\/div>\n\t\t\t\t<\/div>\n\t\t\t\t<div class=\"elementor-element elementor-element-6dad6d2 elementor-widget elementor-widget-attesa-extra-divider\" data-id=\"6dad6d2\" data-element_type=\"widget\" data-e-type=\"widget\" data-widget_type=\"attesa-extra-divider.default\">\n\t\t\t\t<div class=\"elementor-widget-container\">\n\t\t\t\t\t\t\t<div class=\"attesa-extra-divider-wrap position_center\">\r\n\t\t\t<div class=\"attesa-extra-divider attesa-divider-before\"><\/div>\r\n\t\t\t\t\t\t\t<div class=\"attesa-divider-middle\"><i class=\"fa fa-server\"><\/i><\/div>\r\n\t\t\t\t\t\t<div class=\"attesa-extra-divider attesa-divider-after\"><\/div>\r\n\t\t<\/div>\r\n\t\t\t\t\t\t<\/div>\n\t\t\t\t<\/div>\n\t\t\t\t<div class=\"elementor-element elementor-element-0d526e3 elementor-widget elementor-widget-text-editor\" data-id=\"0d526e3\" data-element_type=\"widget\" data-e-type=\"widget\" data-widget_type=\"text-editor.default\">\n\t\t\t\t<div class=\"elementor-widget-container\">\n\t\t\t\t\t\t\t\t\t<p><strong>***<\/strong><\/p>\t\t\t\t\t\t\t\t<\/div>\n\t\t\t\t<\/div>\n\t\t\t\t\t<\/div>\n\t\t<\/div>\n\t\t\t\t\t<\/div>\n\t\t<\/section>\n\t\t\t\t<section class=\"elementor-section elementor-top-section elementor-element elementor-element-050eff5 elementor-section-boxed elementor-section-height-default elementor-section-height-default\" data-id=\"050eff5\" data-element_type=\"section\" data-e-type=\"section\">\n\t\t\t\t\t\t<div class=\"elementor-container elementor-column-gap-default\">\n\t\t\t\t\t<div class=\"elementor-column elementor-col-100 elementor-top-column elementor-element elementor-element-7422bd0\" data-id=\"7422bd0\" data-element_type=\"column\" data-e-type=\"column\">\n\t\t\t<div class=\"elementor-widget-wrap elementor-element-populated\">\n\t\t\t\t\t\t<div class=\"elementor-element elementor-element-e022a12 elementor-widget elementor-widget-heading\" data-id=\"e022a12\" data-element_type=\"widget\" data-e-type=\"widget\" data-widget_type=\"heading.default\">\n\t\t\t\t<div class=\"elementor-widget-container\">\n\t\t\t\t\t<h1 class=\"elementor-heading-title elementor-size-default\">1. \u010dlanska liga<\/h1>\t\t\t\t<\/div>\n\t\t\t\t<\/div>\n\t\t\t\t<section class=\"elementor-section elementor-inner-section elementor-element elementor-element-5975a3a elementor-section-boxed elementor-section-height-default elementor-section-height-default\" data-id=\"5975a3a\" data-element_type=\"section\" data-e-type=\"section\">\n\t\t\t\t\t\t<div class=\"elementor-container elementor-column-gap-default\">\n\t\t\t\t\t<div class=\"elementor-column elementor-col-33 elementor-inner-column elementor-element elementor-element-36c4bb5\" data-id=\"36c4bb5\" data-element_type=\"column\" data-e-type=\"column\">\n\t\t\t<div class=\"elementor-widget-wrap elementor-element-populated\">\n\t\t\t\t\t\t<div class=\"elementor-element elementor-element-093d466 elementor-widget elementor-widget-text-editor\" data-id=\"093d466\" data-element_type=\"widget\" data-e-type=\"widget\" data-widget_type=\"text-editor.default\">\n\t\t\t\t<div class=\"elementor-widget-container\">\n\t\t\t\t\t\t\t\t\t<p style=\"text-align: center;\">\u010clanska ekipa<\/p>\t\t\t\t\t\t\t\t<\/div>\n\t\t\t\t<\/div>\n\t\t\t\t<div class=\"elementor-element elementor-element-95eac98 elementor-widget elementor-widget-image\" data-id=\"95eac98\" data-element_type=\"widget\" data-e-type=\"widget\" data-widget_type=\"image.default\">\n\t\t\t\t<div class=\"elementor-widget-container\">\n\t\t\t\t\t\t\t\t\t\t\t\t\t\t\t\t<a href=\"https:\/\/www.tksladkivrh.si\/wp-content\/uploads\/2025\/05\/naslovna.jpg\" data-elementor-open-lightbox=\"yes\" data-elementor-lightbox-title=\"naslovna\" data-e-action-hash=\"#elementor-action%3Aaction%3Dlightbox%26settings%3DeyJpZCI6MTM3OCwidXJsIjoiaHR0cHM6XC9cL3d3dy50a3NsYWRraXZyaC5zaVwvd3AtY29udGVudFwvdXBsb2Fkc1wvMjAyNVwvMDVcL25hc2xvdm5hLWUxNzQ4NDk5MDk2Njg3LmpwZyJ9\">\n\t\t\t\t\t\t\t<img fetchpriority=\"high\" decoding=\"async\" width=\"300\" height=\"223\" src=\"https:\/\/www.tksladkivrh.si\/wp-content\/uploads\/2025\/05\/naslovna-e1748499096687-300x223.jpg\" class=\"attachment-medium size-medium wp-image-1378\" alt=\"\" srcset=\"https:\/\/www.tksladkivrh.si\/wp-content\/uploads\/2025\/05\/naslovna-e1748499096687-300x223.jpg 300w, https:\/\/www.tksladkivrh.si\/wp-content\/uploads\/2025\/05\/naslovna-e1748499096687-1024x760.jpg 1024w, https:\/\/www.tksladkivrh.si\/wp-content\/uploads\/2025\/05\/naslovna-e1748499096687-768x570.jpg 768w, https:\/\/www.tksladkivrh.si\/wp-content\/uploads\/2025\/05\/naslovna-e1748499096687-1536x1139.jpg 1536w, https:\/\/www.tksladkivrh.si\/wp-content\/uploads\/2025\/05\/naslovna-e1748499096687-2048x1519.jpg 2048w, https:\/\/www.tksladkivrh.si\/wp-content\/uploads\/2025\/05\/naslovna-e1748499096687-1920x1424.jpg 1920w, https:\/\/www.tksladkivrh.si\/wp-content\/uploads\/2025\/05\/naslovna-e1748499096687-850x631.jpg 850w\" sizes=\"(max-width: 300px) 100vw, 300px\" \/>\t\t\t\t\t\t\t\t<\/a>\n\t\t\t\t\t\t\t\t\t\t\t\t\t\t\t<\/div>\n\t\t\t\t<\/div>\n\t\t\t\t\t<\/div>\n\t\t<\/div>\n\t\t\t\t<div class=\"elementor-column elementor-col-33 elementor-inner-column elementor-element elementor-element-e46d6bc\" data-id=\"e46d6bc\" data-element_type=\"column\" data-e-type=\"column\">\n\t\t\t<div class=\"elementor-widget-wrap elementor-element-populated\">\n\t\t\t\t\t\t<div class=\"elementor-element elementor-element-f6ef172 elementor-widget elementor-widget-text-editor\" data-id=\"f6ef172\" data-element_type=\"widget\" data-e-type=\"widget\" data-widget_type=\"text-editor.default\">\n\t\t\t\t<div class=\"elementor-widget-container\">\n\t\t\t\t\t\t\t\t\t<p style=\"text-align: center;\">Rezultati Skupinski del<\/p>\t\t\t\t\t\t\t\t<\/div>\n\t\t\t\t<\/div>\n\t\t\t\t\t<\/div>\n\t\t<\/div>\n\t\t\t\t<div class=\"elementor-column elementor-col-33 elementor-inner-column elementor-element elementor-element-0c8f3e3\" data-id=\"0c8f3e3\" data-element_type=\"column\" data-e-type=\"column\">\n\t\t\t<div class=\"elementor-widget-wrap elementor-element-populated\">\n\t\t\t\t\t\t<div class=\"elementor-element elementor-element-0e4c4f6 elementor-widget elementor-widget-text-editor\" data-id=\"0e4c4f6\" data-element_type=\"widget\" data-e-type=\"widget\" data-widget_type=\"text-editor.default\">\n\t\t\t\t<div class=\"elementor-widget-container\">\n\t\t\t\t\t\t\t\t\t<p style=\"text-align: center;\">Urnik<\/p>\t\t\t\t\t\t\t\t<\/div>\n\t\t\t\t<\/div>\n\t\t\t\t\t<\/div>\n\t\t<\/div>\n\t\t\t\t\t<\/div>\n\t\t<\/section>\n\t\t\t\t\t<\/div>\n\t\t<\/div>\n\t\t\t\t\t<\/div>\n\t\t<\/section>\n\t\t\t\t<section class=\"elementor-section elementor-top-section elementor-element elementor-element-99ebdb9 elementor-section-boxed elementor-section-height-default elementor-section-height-default\" data-id=\"99ebdb9\" data-element_type=\"section\" data-e-type=\"section\">\n\t\t\t\t\t\t<div class=\"elementor-container elementor-column-gap-default\">\n\t\t\t\t\t<div class=\"elementor-column elementor-col-100 elementor-top-column elementor-element elementor-element-697af6b\" data-id=\"697af6b\" data-element_type=\"column\" data-e-type=\"column\">\n\t\t\t<div class=\"elementor-widget-wrap elementor-element-populated\">\n\t\t\t\t\t\t<div class=\"elementor-element elementor-element-0f1245b elementor-widget elementor-widget-attesa-extra-divider\" data-id=\"0f1245b\" data-element_type=\"widget\" data-e-type=\"widget\" data-widget_type=\"attesa-extra-divider.default\">\n\t\t\t\t<div class=\"elementor-widget-container\">\n\t\t\t\t\t\t\t<div class=\"attesa-extra-divider-wrap position_center\">\r\n\t\t\t<div class=\"attesa-extra-divider attesa-divider-before\"><\/div>\r\n\t\t\t\t\t\t\t<div class=\"attesa-divider-middle\"><i class=\"fa fa-bolt\"><\/i><\/div>\r\n\t\t\t\t\t\t<div class=\"attesa-extra-divider attesa-divider-after\"><\/div>\r\n\t\t<\/div>\r\n\t\t\t\t\t\t<\/div>\n\t\t\t\t<\/div>\n\t\t\t\t\t<\/div>\n\t\t<\/div>\n\t\t\t\t\t<\/div>\n\t\t<\/section>\n\t\t\t\t<section class=\"elementor-section elementor-top-section elementor-element elementor-element-9109c29 elementor-section-boxed elementor-section-height-default elementor-section-height-default\" data-id=\"9109c29\" data-element_type=\"section\" data-e-type=\"section\">\n\t\t\t\t\t\t<div class=\"elementor-container elementor-column-gap-default\">\n\t\t\t\t\t<div class=\"elementor-column elementor-col-100 elementor-top-column elementor-element elementor-element-36ac73b\" data-id=\"36ac73b\" data-element_type=\"column\" data-e-type=\"column\">\n\t\t\t<div class=\"elementor-widget-wrap elementor-element-populated\">\n\t\t\t\t\t\t<div class=\"elementor-element elementor-element-a1645c0 elementor-widget elementor-widget-text-editor\" data-id=\"a1645c0\" data-element_type=\"widget\" data-e-type=\"widget\" data-widget_type=\"text-editor.default\">\n\t\t\t\t<div class=\"elementor-widget-container\">\n\t\t\t\t\t\t\t\t\t<p><b>***<\/b><\/p>\t\t\t\t\t\t\t\t<\/div>\n\t\t\t\t<\/div>\n\t\t\t\t\t<\/div>\n\t\t<\/div>\n\t\t\t\t\t<\/div>\n\t\t<\/section>\n\t\t\t\t<section class=\"elementor-section elementor-top-section elementor-element elementor-element-ba66e1c elementor-section-boxed elementor-section-height-default elementor-section-height-default\" data-id=\"ba66e1c\" data-element_type=\"section\" data-e-type=\"section\">\n\t\t\t\t\t\t<div class=\"elementor-container elementor-column-gap-default\">\n\t\t\t\t\t<div class=\"elementor-column elementor-col-100 elementor-top-column elementor-element elementor-element-e82901c\" data-id=\"e82901c\" data-element_type=\"column\" data-e-type=\"column\">\n\t\t\t<div class=\"elementor-widget-wrap elementor-element-populated\">\n\t\t\t\t\t\t<div class=\"elementor-element elementor-element-d8d63b3 elementor-widget elementor-widget-attesa-extra-divider\" data-id=\"d8d63b3\" data-element_type=\"widget\" data-e-type=\"widget\" data-widget_type=\"attesa-extra-divider.default\">\n\t\t\t\t<div class=\"elementor-widget-container\">\n\t\t\t\t\t\t\t<div class=\"attesa-extra-divider-wrap position_center\">\r\n\t\t\t<div class=\"attesa-extra-divider attesa-divider-before\"><\/div>\r\n\t\t\t\t\t\t\t<div class=\"attesa-divider-middle\"><i class=\"fa fa-bolt\"><\/i><\/div>\r\n\t\t\t\t\t\t<div class=\"attesa-extra-divider attesa-divider-after\"><\/div>\r\n\t\t<\/div>\r\n\t\t\t\t\t\t<\/div>\n\t\t\t\t<\/div>\n\t\t\t\t<div class=\"elementor-element elementor-element-d0d8930 elementor-widget elementor-widget-text-editor\" data-id=\"d0d8930\" data-element_type=\"widget\" data-e-type=\"widget\" data-widget_type=\"text-editor.default\">\n\t\t\t\t<div class=\"elementor-widget-container\">\n\t\t\t\t\t\t\t\t\t<p><b>***<\/b><\/p>\t\t\t\t\t\t\t\t<\/div>\n\t\t\t\t<\/div>\n\t\t\t\t\t<\/div>\n\t\t<\/div>\n\t\t\t\t\t<\/div>\n\t\t<\/section>\n\t\t\t\t<section class=\"elementor-section elementor-top-section elementor-element elementor-element-6943612 elementor-section-boxed elementor-section-height-default elementor-section-height-default\" data-id=\"6943612\" data-element_type=\"section\" data-e-type=\"section\">\n\t\t\t\t\t\t<div class=\"elementor-container elementor-column-gap-default\">\n\t\t\t\t\t<div class=\"elementor-column elementor-col-100 elementor-top-column elementor-element elementor-element-c568740\" data-id=\"c568740\" data-element_type=\"column\" data-e-type=\"column\">\n\t\t\t<div class=\"elementor-widget-wrap elementor-element-populated\">\n\t\t\t\t\t\t<div class=\"elementor-element elementor-element-ac4c0ca elementor-widget elementor-widget-attesa-extra-divider\" data-id=\"ac4c0ca\" data-element_type=\"widget\" data-e-type=\"widget\" data-widget_type=\"attesa-extra-divider.default\">\n\t\t\t\t<div class=\"elementor-widget-container\">\n\t\t\t\t\t\t\t<div class=\"attesa-extra-divider-wrap position_center\">\r\n\t\t\t<div class=\"attesa-extra-divider attesa-divider-before\"><\/div>\r\n\t\t\t\t\t\t\t<div class=\"attesa-divider-middle\"><i class=\"fa fa-bolt\"><\/i><\/div>\r\n\t\t\t\t\t\t<div class=\"attesa-extra-divider attesa-divider-after\"><\/div>\r\n\t\t<\/div>\r\n\t\t\t\t\t\t<\/div>\n\t\t\t\t<\/div>\n\t\t\t\t<div class=\"elementor-element elementor-element-ecef348 elementor-widget elementor-widget-text-editor\" data-id=\"ecef348\" data-element_type=\"widget\" data-e-type=\"widget\" data-widget_type=\"text-editor.default\">\n\t\t\t\t<div class=\"elementor-widget-container\">\n\t\t\t\t\t\t\t\t\t<p><b>***<\/b><\/p>\t\t\t\t\t\t\t\t<\/div>\n\t\t\t\t<\/div>\n\t\t\t\t\t<\/div>\n\t\t<\/div>\n\t\t\t\t\t<\/div>\n\t\t<\/section>\n\t\t\t\t<section class=\"elementor-section elementor-top-section elementor-element elementor-element-c5a6f68 elementor-section-boxed elementor-section-height-default elementor-section-height-default\" data-id=\"c5a6f68\" data-element_type=\"section\" data-e-type=\"section\" data-settings=\"{&quot;background_background&quot;:&quot;classic&quot;}\">\n\t\t\t\t\t\t<div class=\"elementor-container elementor-column-gap-default\">\n\t\t\t\t\t<div class=\"elementor-column elementor-col-100 elementor-top-column elementor-element elementor-element-6def552\" data-id=\"6def552\" data-element_type=\"column\" data-e-type=\"column\">\n\t\t\t<div class=\"elementor-widget-wrap elementor-element-populated\">\n\t\t\t\t\t\t<div class=\"elementor-element elementor-element-9f46346 elementor-widget elementor-widget-text-editor\" data-id=\"9f46346\" data-element_type=\"widget\" data-e-type=\"widget\" data-widget_type=\"text-editor.default\">\n\t\t\t\t<div class=\"elementor-widget-container\">\n\t\t\t\t\t\t\t\t\t<p>TK Sladki Vrh @ 2025, Vse pravice pridr\u017eane<\/p>\t\t\t\t\t\t\t\t<\/div>\n\t\t\t\t<\/div>\n\t\t\t\t\t<\/div>\n\t\t<\/div>\n\t\t\t\t\t<\/div>\n\t\t<\/section>\n\t\t\t\t<section class=\"elementor-section elementor-top-section elementor-element elementor-element-47ce427 elementor-section-boxed elementor-section-height-default elementor-section-height-default\" data-id=\"47ce427\" data-element_type=\"section\" data-e-type=\"section\">\n\t\t\t\t\t\t<div class=\"elementor-container elementor-column-gap-default\">\n\t\t\t\t\t<div class=\"elementor-column elementor-col-100 elementor-top-column elementor-element elementor-element-249ea3c\" data-id=\"249ea3c\" data-element_type=\"column\" data-e-type=\"column\">\n\t\t\t<div class=\"elementor-widget-wrap\">\n\t\t\t\t\t\t\t<\/div>\n\t\t<\/div>\n\t\t\t\t\t<\/div>\n\t\t<\/section>\n\t\t\t\t<\/div>\n\t\t","protected":false},"excerpt":{"rendered":"<p>1. \u010dlanska liga *** 1. \u010dlanska liga \u010clanska ekipa Rezultati Skupinski del Urnik *** *** *** TK Sladki Vrh @ 2025, Vse pravice pridr\u017eane<\/p>\n","protected":false},"author":1,"featured_media":0,"parent":1402,"menu_order":0,"comment_status":"closed","ping_status":"closed","template":"","meta":{"footnotes":""},"class_list":["post-2651","page","type-page","status-publish","hentry"],"_links":{"self":[{"href":"https:\/\/www.tksladkivrh.si\/index.php?rest_route=\/wp\/v2\/pages\/2651","targetHints":{"allow":["GET"]}}],"collection":[{"href":"https:\/\/www.tksladkivrh.si\/index.php?rest_route=\/wp\/v2\/pages"}],"about":[{"href":"https:\/\/www.tksladkivrh.si\/index.php?rest_route=\/wp\/v2\/types\/page"}],"author":[{"embeddable":true,"href":"https:\/\/www.tksladkivrh.si\/index.php?rest_route=\/wp\/v2\/users\/1"}],"replies":[{"embeddable":true,"href":"https:\/\/www.tksladkivrh.si\/index.php?rest_route=%2Fwp%2Fv2%2Fcomments&post=2651"}],"version-history":[{"count":5,"href":"https:\/\/www.tksladkivrh.si\/index.php?rest_route=\/wp\/v2\/pages\/2651\/revisions"}],"predecessor-version":[{"id":2661,"href":"https:\/\/www.tksladkivrh.si\/index.php?rest_route=\/wp\/v2\/pages\/2651\/revisions\/2661"}],"up":[{"embeddable":true,"href":"https:\/\/www.tksladkivrh.si\/index.php?rest_route=\/wp\/v2\/pages\/1402"}],"wp:attachment":[{"href":"https:\/\/www.tksladkivrh.si\/index.php?rest_route=%2Fwp%2Fv2%2Fmedia&parent=2651"}],"curies":[{"name":"wp","href":"https:\/\/api.w.org\/{rel}","templated":true}]}}