{"id":85,"date":"2019-06-12T11:55:48","date_gmt":"2019-06-12T11:55:48","guid":{"rendered":"https:\/\/demos.attesawp.com\/business\/?page_id=85"},"modified":"2025-04-11T07:46:32","modified_gmt":"2025-04-11T07:46:32","slug":"about-us","status":"publish","type":"page","link":"https:\/\/www.tksladkivrh.si\/?page_id=85","title":{"rendered":"O Nas"},"content":{"rendered":"\t\t<div data-elementor-type=\"wp-post\" data-elementor-id=\"85\" class=\"elementor elementor-85\">\n\t\t\t\t\t\t<section class=\"elementor-section elementor-top-section elementor-element elementor-element-fed4d28 elementor-section-boxed elementor-section-height-default elementor-section-height-default\" data-id=\"fed4d28\" data-element_type=\"section\" data-e-type=\"section\" data-settings=\"{&quot;background_background&quot;:&quot;classic&quot;,&quot;shape_divider_bottom&quot;:&quot;clouds&quot;}\">\n\t\t\t\t\t\t\t<div class=\"elementor-background-overlay\"><\/div>\n\t\t\t\t\t\t<div class=\"elementor-shape elementor-shape-bottom\" aria-hidden=\"true\" data-negative=\"false\">\n\t\t\t<svg xmlns=\"http:\/\/www.w3.org\/2000\/svg\" viewBox=\"0 0 283.5 27.8\" preserveAspectRatio=\"xMidYMax slice\">\n  <path class=\"elementor-shape-fill\" d=\"M0 0v6.7c1.9-.8 4.7-1.4 8.5-1 9.5 1.1 11.1 6 11.1 6s2.1-.7 4.3-.2c2.1.5 2.8 2.6 2.8 2.6s.2-.5 1.4-.7c1.2-.2 1.7.2 1.7.2s0-2.1 1.9-2.8c1.9-.7 3.6.7 3.6.7s.7-2.9 3.1-4.1 4.7 0 4.7 0 1.2-.5 2.4 0 1.7 1.4 1.7 1.4h1.4c.7 0 1.2.7 1.2.7s.8-1.8 4-2.2c3.5-.4 5.3 2.4 6.2 4.4.4-.4 1-.7 1.8-.9 2.8-.7 4 .7 4 .7s1.7-5 11.1-6c9.5-1.1 12.3 3.9 12.3 3.9s1.2-4.8 5.7-5.7c4.5-.9 6.8 1.8 6.8 1.8s.6-.6 1.5-.9c.9-.2 1.9-.2 1.9-.2s5.2-6.4 12.6-3.3c7.3 3.1 4.7 9 4.7 9s1.9-.9 4 0 2.8 2.4 2.8 2.4 1.9-1.2 4.5-1.2 4.3 1.2 4.3 1.2.2-1 1.4-1.7 2.1-.7 2.1-.7-.5-3.1 2.1-5.5 5.7-1.4 5.7-1.4 1.5-2.3 4.2-1.1c2.7 1.2 1.7 5.2 1.7 5.2s.3-.1 1.3.5c.5.4.8.8.9 1.1.5-1.4 2.4-5.8 8.4-4 7.1 2.1 3.5 8.9 3.5 8.9s.8-.4 2 0 1.1 1.1 1.1 1.1 1.1-1.1 2.3-1.1 2.1.5 2.1.5 1.9-3.6 6.2-1.2 1.9 6.4 1.9 6.4 2.6-2.4 7.4 0c3.4 1.7 3.9 4.9 3.9 4.9s3.3-6.9 10.4-7.9 11.5 2.6 11.5 2.6.8 0 1.2.2c.4.2.9.9.9.9s4.4-3.1 8.3.2c1.9 1.7 1.5 5 1.5 5s.3-1.1 1.6-1.4c1.3-.3 2.3.2 2.3.2s-.1-1.2.5-1.9 1.9-.9 1.9-.9-4.7-9.3 4.4-13.4c5.6-2.5 9.2.9 9.2.9s5-6.2 15.9-6.2 16.1 8.1 16.1 8.1.7-.2 1.6-.4V0H0z\"\/>\n<\/svg>\n\t\t<\/div>\n\t\t\t\t\t<div class=\"elementor-container elementor-column-gap-default\">\n\t\t\t\t\t<div class=\"elementor-column elementor-col-100 elementor-top-column elementor-element elementor-element-d9501b7\" data-id=\"d9501b7\" data-element_type=\"column\" data-e-type=\"column\">\n\t\t\t<div class=\"elementor-widget-wrap elementor-element-populated\">\n\t\t\t\t\t\t<div class=\"elementor-element elementor-element-435d912 elementor-widget elementor-widget-heading\" data-id=\"435d912\" data-element_type=\"widget\" data-e-type=\"widget\" data-widget_type=\"heading.default\">\n\t\t\t\t<div class=\"elementor-widget-container\">\n\t\t\t\t\t<h2 class=\"elementor-heading-title elementor-size-default\">O Nas<\/h2>\t\t\t\t<\/div>\n\t\t\t\t<\/div>\n\t\t\t\t<div class=\"elementor-element elementor-element-c686ad5 elementor-widget elementor-widget-attesa-extra-divider\" data-id=\"c686ad5\" data-element_type=\"widget\" data-e-type=\"widget\" data-widget_type=\"attesa-extra-divider.default\">\n\t\t\t\t<div class=\"elementor-widget-container\">\n\t\t\t\t\t\t\t<div class=\"attesa-extra-divider-wrap position_center\">\r\n\t\t\t<div class=\"attesa-extra-divider attesa-divider-before\"><\/div>\r\n\t\t\t\t\t\t\t<div class=\"attesa-divider-middle\"><i class=\"fa fa-users\"><\/i><\/div>\r\n\t\t\t\t\t\t<div class=\"attesa-extra-divider attesa-divider-after\"><\/div>\r\n\t\t<\/div>\r\n\t\t\t\t\t\t<\/div>\n\t\t\t\t<\/div>\n\t\t\t\t\t<\/div>\n\t\t<\/div>\n\t\t\t\t\t<\/div>\n\t\t<\/section>\n\t\t\t\t<section class=\"elementor-section elementor-top-section elementor-element elementor-element-30e38f3 elementor-section-boxed elementor-section-height-default elementor-section-height-default\" data-id=\"30e38f3\" data-element_type=\"section\" data-e-type=\"section\">\n\t\t\t\t\t\t<div class=\"elementor-container elementor-column-gap-default\">\n\t\t\t\t\t<div class=\"elementor-column elementor-col-66 elementor-top-column elementor-element elementor-element-918ccda\" data-id=\"918ccda\" data-element_type=\"column\" data-e-type=\"column\">\n\t\t\t<div class=\"elementor-widget-wrap elementor-element-populated\">\n\t\t\t\t\t\t<div class=\"elementor-element elementor-element-1a54948 elementor-widget elementor-widget-text-editor\" data-id=\"1a54948\" data-element_type=\"widget\" data-e-type=\"widget\" data-widget_type=\"text-editor.default\">\n\t\t\t\t<div class=\"elementor-widget-container\">\n\t\t\t\t\t\t\t\t\t<div class=\"elementor-element elementor-element-f7d4b5f elementor-widget elementor-widget-text-editor\" data-id=\"f7d4b5f\" data-element_type=\"widget\" data-widget_type=\"text-editor.default\">\n<div class=\"elementor-widget-container\">\n<p>Na\u0161 teni\u0161ki klub ni klasi\u010den klub ali standardna teni\u0161ka \u0161ola. Teni\u0161ki klub Sladki Vrh je sinonim za dru\u017eenje, zabavo in rekreacijo. Kot radi re\u010demo \u2013&nbsp;<strong>tukaj se tenis ne igra, tukaj se tenis \u017eivi.<\/strong>&nbsp;\u010clani in njihove dru\u017eine radi sodelujemo pri vseh aktivnostih, kot so spomladanska priprava igri\u0161\u010da, urejanje okolice in sprotna vzdr\u017eevalna dela. Tukaj nikoli ne manjkajo hrana, pija\u010da in glasba. Na\u0161ih dogodkov se z veseljem udele\u017eijo tudi simpatizerji tenisa, ki niso na\u0161i \u010dlani. Velikokrat gostimo teni\u0161ke prijatelje iz drugih ob\u010din, predvsem radi se k nam pripeljejo iz Ptuja, Slovenske Bistrice in sosednje Avstrije. Vedno zdru\u017eimo prijetno s koristnim, naj gre samo za pripravo igri\u0161\u010da ali za borbo za liga\u0161ki naslov.&nbsp;<\/p>\n<p>V sodelovanju z O\u0160 Sladki Vrh, \u0160entilj in Sveta Ana imamo organizirano Teni\u0161ko \u0161olo, kjer otroci spoznavajo teni\u0161ko igro, se motori\u010dno razvijajo, poudarek damo na vzgoji in dru\u017eenju s sovrstniki. Otroci se pod vodstvom izku\u0161enih trenerjev u\u010dijo osnov, kasneje pa ostanejo v klubu kot rekreativni igralci. Organiziramo teni\u0161ka dru\u017eenja z vsemi generacijami igralcev, saj nas to medgeneracijsko sodelovanje dela bolj\u0161e in nam daje poseben pe\u010dat. Vsako leto spomladi organiziramo teni\u0161ki kamp na morju, ki se ga udele\u017ei velika ve\u010dina na\u0161ih \u010dlanov z dru\u017einami. To je po navadi uvod v letno sezono, ko se iz dvoran preselimo na zunanje igri\u0161\u010de.<\/p>\n<\/div>\n<\/div>\t\t\t\t\t\t\t\t<\/div>\n\t\t\t\t<\/div>\n\t\t\t\t\t<\/div>\n\t\t<\/div>\n\t\t\t\t<div class=\"elementor-column elementor-col-33 elementor-top-column elementor-element elementor-element-3bbcde9\" data-id=\"3bbcde9\" data-element_type=\"column\" data-e-type=\"column\">\n\t\t\t<div class=\"elementor-widget-wrap elementor-element-populated\">\n\t\t\t\t\t\t<div class=\"elementor-element elementor-element-96b9f9b elementor-widget elementor-widget-image\" data-id=\"96b9f9b\" data-element_type=\"widget\" data-e-type=\"widget\" data-widget_type=\"image.default\">\n\t\t\t\t<div class=\"elementor-widget-container\">\n\t\t\t\t\t\t\t\t\t\t\t\t\t\t\t\t<a href=\"https:\/\/www.tksladkivrh.si\/wp-content\/uploads\/2025\/02\/O_Nas_Small.jpg\" data-elementor-open-lightbox=\"yes\" data-elementor-lightbox-title=\"O_Nas_Small\" data-e-action-hash=\"#elementor-action%3Aaction%3Dlightbox%26settings%3DeyJpZCI6MjAxLCJ1cmwiOiJodHRwczpcL1wvd3d3LnRrc2xhZGtpdnJoLnNpXC93cC1jb250ZW50XC91cGxvYWRzXC8yMDI1XC8wMlwvT19OYXNfU21hbGwuanBnIn0%3D\">\n\t\t\t\t\t\t\t<img fetchpriority=\"high\" decoding=\"async\" width=\"768\" height=\"576\" src=\"https:\/\/www.tksladkivrh.si\/wp-content\/uploads\/2025\/02\/O_Nas_Small.jpg\" class=\"attachment-large size-large wp-image-201\" alt=\"\" srcset=\"https:\/\/www.tksladkivrh.si\/wp-content\/uploads\/2025\/02\/O_Nas_Small.jpg 768w, https:\/\/www.tksladkivrh.si\/wp-content\/uploads\/2025\/02\/O_Nas_Small-300x225.jpg 300w\" sizes=\"(max-width: 768px) 100vw, 768px\" \/>\t\t\t\t\t\t\t\t<\/a>\n\t\t\t\t\t\t\t\t\t\t\t\t\t\t\t<\/div>\n\t\t\t\t<\/div>\n\t\t\t\t\t<\/div>\n\t\t<\/div>\n\t\t\t\t\t<\/div>\n\t\t<\/section>\n\t\t\t\t<section class=\"elementor-section elementor-top-section elementor-element elementor-element-5b812a3 elementor-section-boxed elementor-section-height-default elementor-section-height-default\" data-id=\"5b812a3\" data-element_type=\"section\" data-e-type=\"section\" data-settings=\"{&quot;background_background&quot;:&quot;classic&quot;}\">\n\t\t\t\t\t\t<div class=\"elementor-container elementor-column-gap-default\">\n\t\t\t\t\t<div class=\"elementor-column elementor-col-100 elementor-top-column elementor-element elementor-element-a02e4bf\" data-id=\"a02e4bf\" data-element_type=\"column\" data-e-type=\"column\">\n\t\t\t<div class=\"elementor-widget-wrap elementor-element-populated\">\n\t\t\t\t\t\t<div class=\"elementor-element elementor-element-a277b2b elementor-widget elementor-widget-text-editor\" data-id=\"a277b2b\" data-element_type=\"widget\" data-e-type=\"widget\" data-widget_type=\"text-editor.default\">\n\t\t\t\t<div class=\"elementor-widget-container\">\n\t\t\t\t\t\t\t\t\t<p>TK Sladki Vrh @ 2025, Vse pravice pridr\u017eane<\/p>\t\t\t\t\t\t\t\t<\/div>\n\t\t\t\t<\/div>\n\t\t\t\t\t<\/div>\n\t\t<\/div>\n\t\t\t\t\t<\/div>\n\t\t<\/section>\n\t\t\t\t<\/div>\n\t\t","protected":false},"excerpt":{"rendered":"<p>O Nas Na\u0161 teni\u0161ki klub ni klasi\u010den klub ali standardna teni\u0161ka \u0161ola. Teni\u0161ki klub Sladki Vrh je sinonim za dru\u017eenje, zabavo in rekreacijo. Kot radi re\u010demo \u2013&nbsp;tukaj se tenis ne igra, tukaj se tenis \u017eivi.&nbsp;\u010clani in njihove dru\u017eine radi sodelujemo pri vseh aktivnostih, kot so spomladanska priprava igri\u0161\u010da, urejanje okolice in sprotna vzdr\u017eevalna dela. Tukaj&hellip;<\/p>\n","protected":false},"author":1,"featured_media":0,"parent":0,"menu_order":0,"comment_status":"closed","ping_status":"closed","template":"","meta":{"footnotes":""},"class_list":["post-85","page","type-page","status-publish","hentry"],"_links":{"self":[{"href":"https:\/\/www.tksladkivrh.si\/index.php?rest_route=\/wp\/v2\/pages\/85","targetHints":{"allow":["GET"]}}],"collection":[{"href":"https:\/\/www.tksladkivrh.si\/index.php?rest_route=\/wp\/v2\/pages"}],"about":[{"href":"https:\/\/www.tksladkivrh.si\/index.php?rest_route=\/wp\/v2\/types\/page"}],"author":[{"embeddable":true,"href":"https:\/\/www.tksladkivrh.si\/index.php?rest_route=\/wp\/v2\/users\/1"}],"replies":[{"embeddable":true,"href":"https:\/\/www.tksladkivrh.si\/index.php?rest_route=%2Fwp%2Fv2%2Fcomments&post=85"}],"version-history":[{"count":46,"href":"https:\/\/www.tksladkivrh.si\/index.php?rest_route=\/wp\/v2\/pages\/85\/revisions"}],"predecessor-version":[{"id":827,"href":"https:\/\/www.tksladkivrh.si\/index.php?rest_route=\/wp\/v2\/pages\/85\/revisions\/827"}],"wp:attachment":[{"href":"https:\/\/www.tksladkivrh.si\/index.php?rest_route=%2Fwp%2Fv2%2Fmedia&parent=85"}],"curies":[{"name":"wp","href":"https:\/\/api.w.org\/{rel}","templated":true}]}}